{"id":359,"date":"2021-03-18T15:07:36","date_gmt":"2021-03-18T14:07:36","guid":{"rendered":"https:\/\/sommelier.numeria.dev\/?page_id=359"},"modified":"2021-03-23T16:11:54","modified_gmt":"2021-03-23T15:11:54","slug":"imprint","status":"publish","type":"page","link":"https:\/\/sommelier.bot\/de\/imprint\/","title":{"rendered":"Imprint"},"content":{"rendered":"[vc_row type=&#8220;in_container&#8220; full_screen_row_position=&#8220;middle&#8220; column_margin=&#8220;default&#8220; column_direction=&#8220;default&#8220; column_direction_tablet=&#8220;default&#8220; column_direction_phone=&#8220;default&#8220; scene_position=&#8220;center&#8220; text_color=&#8220;dark&#8220; text_align=&#8220;left&#8220; row_border_radius=&#8220;none&#8220; row_border_radius_applies=&#8220;bg&#8220; overlay_strength=&#8220;0.3&#8243; gradient_direction=&#8220;left_to_right&#8220; shape_divider_position=&#8220;bottom&#8220; bg_image_animation=&#8220;none&#8220;][vc_column column_padding=&#8220;no-extra-padding&#8220; column_padding_tablet=&#8220;inherit&#8220; column_padding_phone=&#8220;inherit&#8220; column_padding_position=&#8220;all&#8220; background_color_opacity=&#8220;1&#8243; background_hover_color_opacity=&#8220;1&#8243; column_shadow=&#8220;none&#8220; column_border_radius=&#8220;none&#8220; column_link_target=&#8220;_self&#8220; gradient_direction=&#8220;left_to_right&#8220; overlay_strength=&#8220;0.3&#8243; width=&#8220;1\/1&#8243; tablet_width_inherit=&#8220;default&#8220; tablet_text_alignment=&#8220;default&#8220; phone_text_alignment=&#8220;default&#8220; column_border_width=&#8220;none&#8220; column_border_style=&#8220;solid&#8220; bg_image_animation=&#8220;none&#8220;][vc_column_text]\n<div class=\"wpb_text_column wpb_content_element \">\n<div class=\"wpb_wrapper\">\n<h3>Angaben nach \u00a7 5 TMG<\/h3>\n<\/div>\n<\/div>\n<div class=\"wpb_text_column wpb_content_element vc_custom_1574159781908\">\n<div class=\"wpb_wrapper\">\n<p>Spiriai GmbH<br \/>\nWinfriedstr. 35<br \/>\n14169 Berlin<\/p>\n<p>Vertreten durch<br \/>\nJohannes Nielsen<\/p>\n<p><strong>Kontaktinformationen<br \/>\n<\/strong>Telephone: +4915771702759<br \/>\nFax: +4932125687010<br \/>\nE-Mail: info[at]spiriai[dot]com<br \/>\nInternet address: www.spiriai.com<\/p>\n<p><strong>Registereintrag<\/strong><br \/>\nEintrag in: Handelsregister<br \/>\nHandelsregisternummer: HRB 204203 B<br \/>\nRegistergericht: Amtsgericht Charlottenburg<\/p>\n<\/div>\n<\/div>\n[\/vc_column_text][vc_column_text]\n<div class=\"wpb_text_column wpb_content_element vc_custom_1574159781908\">\n<div class=\"wpb_text_column wpb_content_element \">\n<div class=\"wpb_wrapper\">\n<h3>Haftungsausschluss<\/h3>\n<\/div>\n<\/div>\n<div class=\"wpb_text_column wpb_content_element vc_custom_1574159805745\">\n<div class=\"wpb_wrapper\">\n<p><strong>Verantwortlichkeit f\u00fcr Inhalte<\/strong><\/p>\n<p>Die Inhalte unserer Seiten wurden mit gr\u00f6\u00dfter Sorgfalt erstellt. F\u00fcr die Richtigkeit, Vollst\u00e4ndigkeit und Aktualit\u00e4t der Inhalte k\u00f6nnen wir jedoch keine Gew\u00e4hr \u00fcbernehmen. Dar\u00fcber hinaus sind wir nach den gesetzlichen Bestimmungen f\u00fcr die eigenen Inhalte auf diesen Webseiten verantwortlich. Wir weisen in diesem Zusammenhang darauf hin, dass wir nicht verpflichtet sind, die \u00fcbermittelten oder gespeicherten Informationen Dritter zu \u00fcberwachen oder Umst\u00e4nde zu untersuchen, die auf eine rechtswidrige T\u00e4tigkeit hinweisen. Unsere Verpflichtungen zur Entfernung oder Sperrung der Nutzung von Informationen nach den allgemeinen Gesetzen bleiben hiervon gem\u00e4\u00df \u00a7\u00a7 8 bis 10 TMG unber\u00fchrt.<\/p>\n<p>Verantwortlich f\u00fcr den Inhalt externer Links (auf Webseiten Dritter)<br \/>\nsind ausschlie\u00dflich die Betreiber der verlinkten Seiten. Zum Zeitpunkt der Verlinkung waren f\u00fcr uns keine Rechtsverst\u00f6\u00dfe ersichtlich. Bei Bekanntwerden von Rechtsverletzungen werden wir den entsprechenden Link umgehend entfernen.<\/p>\n<\/div>\n<div class=\"wpb_wrapper\">\n<p><strong>Urheberrecht<\/strong><br \/>\nUnsere Webseiten und deren Inhalte unterliegen dem deutschen Urheberrecht. Jede Form der Nutzung, Vervielf\u00e4ltigung oder Verarbeitung urheberrechtlich gesch\u00fctzter Werke auf unseren Webseiten bedarf, soweit nicht ausdr\u00fccklich gesetzlich erlaubt, der vorherigen Zustimmung des jeweiligen Rechteinhabers. Einzelne Vervielf\u00e4ltigungen eines Werkes sind nur f\u00fcr den privaten Gebrauch gestattet. Die Materialien auf diesen Seiten sind urheberrechtlich gesch\u00fctzt und jede unbefugte Nutzung kann gegen das Urheberrecht versto\u00dfen.<\/p>\n<\/div>\n<\/div>\n<\/div>\n[\/vc_column_text][\/vc_column][\/vc_row]\n","protected":false},"excerpt":{"rendered":"<p>[vc_row type=&#8220;in_container&#8220; full_screen_row_position=&#8220;middle&#8220; column_margin=&#8220;default&#8220; column_direction=&#8220;default&#8220; column_direction_tablet=&#8220;default&#8220; column_direction_phone=&#8220;default&#8220; scene_position=&#8220;center&#8220; text_color=&#8220;dark&#8220; text_align=&#8220;left&#8220; row_border_radius=&#8220;none&#8220; row_border_radius_applies=&#8220;bg&#8220; overlay_strength=&#8220;0.3&#8243; gradient_direction=&#8220;left_to_right&#8220; shape_divider_position=&#8220;bottom&#8220; bg_image_animation=&#8220;none&#8220;][vc_column column_padding=&#8220;no-extra-padding&#8220; column_padding_tablet=&#8220;inherit&#8220; column_padding_phone=&#8220;inherit&#8220; column_padding_position=&#8220;all&#8220; background_color_opacity=&#8220;1&#8243; background_hover_color_opacity=&#8220;1&#8243; column_shadow=&#8220;none&#8220; column_border_radius=&#8220;none&#8220; column_link_target=&#8220;_self&#8220; gradient_direction=&#8220;left_to_right&#8220; overlay_strength=&#8220;0.3&#8243; width=&#8220;1\/1&#8243; tablet_width_inherit=&#8220;default&#8220; tablet_text_alignment=&#8220;default&#8220;&#8230;<\/p>\n","protected":false},"author":1,"featured_media":0,"parent":0,"menu_order":0,"comment_status":"closed","ping_status":"closed","template":"","meta":{"inline_featured_image":false,"footnotes":""},"yoast_head":"<!-- This site is optimized with the Yoast SEO plugin v24.5 - https:\/\/yoast.com\/wordpress\/plugins\/seo\/ -->\n<title>Imprint - Sommelier.bot<\/title>\n<meta name=\"robots\" content=\"index, follow, max-snippet:-1, max-image-preview:large, max-video-preview:-1\" \/>\n<link rel=\"canonical\" href=\"https:\/\/sommelier.bot\/de\/imprint\/\" \/>\n<meta property=\"og:locale\" content=\"de_DE\" \/>\n<meta property=\"og:type\" content=\"article\" \/>\n<meta property=\"og:title\" content=\"Imprint - Sommelier.bot\" \/>\n<meta property=\"og:description\" content=\"[vc_row type=&#8220;in_container&#8220; full_screen_row_position=&#8220;middle&#8220; column_margin=&#8220;default&#8220; column_direction=&#8220;default&#8220; column_direction_tablet=&#8220;default&#8220; column_direction_phone=&#8220;default&#8220; scene_position=&#8220;center&#8220; text_color=&#8220;dark&#8220; text_align=&#8220;left&#8220; row_border_radius=&#8220;none&#8220; row_border_radius_applies=&#8220;bg&#8220; overlay_strength=&#8220;0.3&#8243; gradient_direction=&#8220;left_to_right&#8220; shape_divider_position=&#8220;bottom&#8220; bg_image_animation=&#8220;none&#8220;][vc_column column_padding=&#8220;no-extra-padding&#8220; column_padding_tablet=&#8220;inherit&#8220; column_padding_phone=&#8220;inherit&#8220; column_padding_position=&#8220;all&#8220; background_color_opacity=&#8220;1&#8243; background_hover_color_opacity=&#8220;1&#8243; column_shadow=&#8220;none&#8220; column_border_radius=&#8220;none&#8220; column_link_target=&#8220;_self&#8220; gradient_direction=&#8220;left_to_right&#8220; overlay_strength=&#8220;0.3&#8243; width=&#8220;1\/1&#8243; tablet_width_inherit=&#8220;default&#8220; tablet_text_alignment=&#8220;default&#8220;...\" \/>\n<meta property=\"og:url\" content=\"https:\/\/sommelier.bot\/de\/imprint\/\" \/>\n<meta property=\"og:site_name\" content=\"Sommelier.bot\" \/>\n<meta property=\"article:modified_time\" content=\"2021-03-23T15:11:54+00:00\" \/>\n<meta name=\"twitter:card\" content=\"summary_large_image\" \/>\n<meta name=\"twitter:label1\" content=\"Gesch\u00e4tzte Lesezeit\" \/>\n\t<meta name=\"twitter:data1\" content=\"2\u00a0Minuten\" \/>\n<script type=\"application\/ld+json\" class=\"yoast-schema-graph\">{\"@context\":\"https:\/\/schema.org\",\"@graph\":[{\"@type\":\"WebPage\",\"@id\":\"https:\/\/sommelier.bot\/de\/imprint\/\",\"url\":\"https:\/\/sommelier.bot\/de\/imprint\/\",\"name\":\"Imprint - Sommelier.bot\",\"isPartOf\":{\"@id\":\"https:\/\/sommelier.bot\/#website\"},\"datePublished\":\"2021-03-18T14:07:36+00:00\",\"dateModified\":\"2021-03-23T15:11:54+00:00\",\"breadcrumb\":{\"@id\":\"https:\/\/sommelier.bot\/de\/imprint\/#breadcrumb\"},\"inLanguage\":\"de\",\"potentialAction\":[{\"@type\":\"ReadAction\",\"target\":[\"https:\/\/sommelier.bot\/de\/imprint\/\"]}]},{\"@type\":\"BreadcrumbList\",\"@id\":\"https:\/\/sommelier.bot\/de\/imprint\/#breadcrumb\",\"itemListElement\":[{\"@type\":\"ListItem\",\"position\":1,\"name\":\"Accueil\",\"item\":\"https:\/\/sommelier.bot\/de\/\"},{\"@type\":\"ListItem\",\"position\":2,\"name\":\"Imprint\"}]},{\"@type\":\"WebSite\",\"@id\":\"https:\/\/sommelier.bot\/#website\",\"url\":\"https:\/\/sommelier.bot\/\",\"name\":\"Sommelier.bot\",\"description\":\"Your customers&#039; Personal Sommelier\",\"potentialAction\":[{\"@type\":\"SearchAction\",\"target\":{\"@type\":\"EntryPoint\",\"urlTemplate\":\"https:\/\/sommelier.bot\/?s={search_term_string}\"},\"query-input\":{\"@type\":\"PropertyValueSpecification\",\"valueRequired\":true,\"valueName\":\"search_term_string\"}}],\"inLanguage\":\"de\"}]}<\/script>\n<!-- \/ Yoast SEO plugin. -->","yoast_head_json":{"title":"Imprint - Sommelier.bot","robots":{"index":"index","follow":"follow","max-snippet":"max-snippet:-1","max-image-preview":"max-image-preview:large","max-video-preview":"max-video-preview:-1"},"canonical":"https:\/\/sommelier.bot\/de\/imprint\/","og_locale":"de_DE","og_type":"article","og_title":"Imprint - Sommelier.bot","og_description":"[vc_row type=&#8220;in_container&#8220; full_screen_row_position=&#8220;middle&#8220; column_margin=&#8220;default&#8220; column_direction=&#8220;default&#8220; column_direction_tablet=&#8220;default&#8220; column_direction_phone=&#8220;default&#8220; scene_position=&#8220;center&#8220; text_color=&#8220;dark&#8220; text_align=&#8220;left&#8220; row_border_radius=&#8220;none&#8220; row_border_radius_applies=&#8220;bg&#8220; overlay_strength=&#8220;0.3&#8243; gradient_direction=&#8220;left_to_right&#8220; shape_divider_position=&#8220;bottom&#8220; bg_image_animation=&#8220;none&#8220;][vc_column column_padding=&#8220;no-extra-padding&#8220; column_padding_tablet=&#8220;inherit&#8220; column_padding_phone=&#8220;inherit&#8220; column_padding_position=&#8220;all&#8220; background_color_opacity=&#8220;1&#8243; background_hover_color_opacity=&#8220;1&#8243; column_shadow=&#8220;none&#8220; column_border_radius=&#8220;none&#8220; column_link_target=&#8220;_self&#8220; gradient_direction=&#8220;left_to_right&#8220; overlay_strength=&#8220;0.3&#8243; width=&#8220;1\/1&#8243; tablet_width_inherit=&#8220;default&#8220; tablet_text_alignment=&#8220;default&#8220;...","og_url":"https:\/\/sommelier.bot\/de\/imprint\/","og_site_name":"Sommelier.bot","article_modified_time":"2021-03-23T15:11:54+00:00","twitter_card":"summary_large_image","twitter_misc":{"Gesch\u00e4tzte Lesezeit":"2\u00a0Minuten"},"schema":{"@context":"https:\/\/schema.org","@graph":[{"@type":"WebPage","@id":"https:\/\/sommelier.bot\/de\/imprint\/","url":"https:\/\/sommelier.bot\/de\/imprint\/","name":"Imprint - Sommelier.bot","isPartOf":{"@id":"https:\/\/sommelier.bot\/#website"},"datePublished":"2021-03-18T14:07:36+00:00","dateModified":"2021-03-23T15:11:54+00:00","breadcrumb":{"@id":"https:\/\/sommelier.bot\/de\/imprint\/#breadcrumb"},"inLanguage":"de","potentialAction":[{"@type":"ReadAction","target":["https:\/\/sommelier.bot\/de\/imprint\/"]}]},{"@type":"BreadcrumbList","@id":"https:\/\/sommelier.bot\/de\/imprint\/#breadcrumb","itemListElement":[{"@type":"ListItem","position":1,"name":"Accueil","item":"https:\/\/sommelier.bot\/de\/"},{"@type":"ListItem","position":2,"name":"Imprint"}]},{"@type":"WebSite","@id":"https:\/\/sommelier.bot\/#website","url":"https:\/\/sommelier.bot\/","name":"Sommelier.bot","description":"Your customers&#039; Personal Sommelier","potentialAction":[{"@type":"SearchAction","target":{"@type":"EntryPoint","urlTemplate":"https:\/\/sommelier.bot\/?s={search_term_string}"},"query-input":{"@type":"PropertyValueSpecification","valueRequired":true,"valueName":"search_term_string"}}],"inLanguage":"de"}]}},"_links":{"self":[{"href":"https:\/\/sommelier.bot\/de\/wp-json\/wp\/v2\/pages\/359"}],"collection":[{"href":"https:\/\/sommelier.bot\/de\/wp-json\/wp\/v2\/pages"}],"about":[{"href":"https:\/\/sommelier.bot\/de\/wp-json\/wp\/v2\/types\/page"}],"author":[{"embeddable":true,"href":"https:\/\/sommelier.bot\/de\/wp-json\/wp\/v2\/users\/1"}],"replies":[{"embeddable":true,"href":"https:\/\/sommelier.bot\/de\/wp-json\/wp\/v2\/comments?post=359"}],"version-history":[{"count":0,"href":"https:\/\/sommelier.bot\/de\/wp-json\/wp\/v2\/pages\/359\/revisions"}],"wp:attachment":[{"href":"https:\/\/sommelier.bot\/de\/wp-json\/wp\/v2\/media?parent=359"}],"curies":[{"name":"wp","href":"https:\/\/api.w.org\/{rel}","templated":true}]}}