{"id":361,"date":"2021-03-18T15:07:49","date_gmt":"2021-03-18T14:07:49","guid":{"rendered":"https:\/\/sommelier.numeria.dev\/?page_id=361"},"modified":"2023-03-01T17:02:25","modified_gmt":"2023-03-01T16:02:25","slug":"pricing","status":"publish","type":"page","link":"https:\/\/sommelier.bot\/de\/pricing\/","title":{"rendered":"Pricing"},"content":{"rendered":"[vc_row type=&#8220;full_width_background&#8220; full_screen_row_position=&#8220;middle&#8220; column_margin=&#8220;default&#8220; equal_height=&#8220;yes&#8220; content_placement=&#8220;middle&#8220; column_direction=&#8220;default&#8220; column_direction_tablet=&#8220;column_reverse&#8220; column_direction_phone=&#8220;column_reverse&#8220; scene_position=&#8220;center&#8220; top_padding=&#8220;50&#8243; constrain_group_1=&#8220;yes&#8220; bottom_padding=&#8220;50&#8243; bottom_padding_tablet=&#8220;0&#8243; bottom_padding_phone=&#8220;0&#8243; text_color=&#8220;dark&#8220; text_align=&#8220;left&#8220; row_border_radius=&#8220;none&#8220; row_border_radius_applies=&#8220;bg&#8220; overlay_strength=&#8220;0.3&#8243; gradient_direction=&#8220;left_to_right&#8220; shape_divider_position=&#8220;bottom&#8220; bg_image_animation=&#8220;none&#8220; shape_type=&#8220;&#8220;][vc_column column_padding=&#8220;no-extra-padding&#8220; column_padding_tablet=&#8220;inherit&#8220; column_padding_phone=&#8220;inherit&#8220; column_padding_position=&#8220;all&#8220; bottom_margin_tablet=&#8220;0&#8243; bottom_margin_phone=&#8220;0&#8243; background_color_opacity=&#8220;1&#8243; background_hover_color_opacity=&#8220;1&#8243; column_shadow=&#8220;none&#8220; column_border_radius=&#8220;none&#8220; column_link_target=&#8220;_self&#8220; gradient_direction=&#8220;left_to_right&#8220; overlay_strength=&#8220;0.3&#8243; width=&#8220;1\/2&#8243; tablet_width_inherit=&#8220;default&#8220; tablet_text_alignment=&#8220;default&#8220; phone_text_alignment=&#8220;default&#8220; column_border_width=&#8220;none&#8220; column_border_style=&#8220;solid&#8220; bg_image_animation=&#8220;none&#8220;][image_with_animation image_url=&#8220;114&#8243; animation=&#8220;None&#8220; hover_animation=&#8220;none&#8220; alignment=&#8220;center&#8220; border_radius=&#8220;none&#8220; box_shadow=&#8220;none&#8220; image_loading=&#8220;default&#8220; max_width=&#8220;100%&#8220; max_width_mobile=&#8220;default&#8220;][\/vc_column][vc_column column_padding=&#8220;no-extra-padding&#8220; column_padding_tablet=&#8220;inherit&#8220; column_padding_phone=&#8220;inherit&#8220; column_padding_position=&#8220;all&#8220; bottom_margin_tablet=&#8220;30&#8243; bottom_margin_phone=&#8220;30&#8243; background_color_opacity=&#8220;1&#8243; background_hover_color_opacity=&#8220;1&#8243; column_shadow=&#8220;none&#8220; column_border_radius=&#8220;none&#8220; column_link_target=&#8220;_self&#8220; gradient_direction=&#8220;left_to_right&#8220; overlay_strength=&#8220;0.3&#8243; width=&#8220;1\/2&#8243; tablet_width_inherit=&#8220;default&#8220; tablet_text_alignment=&#8220;default&#8220; phone_text_alignment=&#8220;default&#8220; column_border_width=&#8220;none&#8220; column_border_style=&#8220;solid&#8220; bg_image_animation=&#8220;none&#8220;][vc_column_text el_class=&#8220;sb-title&#8220;]W\u00e4hle die passende Lizenz und steigere deinen Umsatz innerhalb einer Woche![\/vc_column_text][vc_column_text el_class=&#8220;sb-subtitle&#8220;]Der sommelier.bot bietet deinen Besuchern und Kunden indviduelle Beratung und ein ganz neues Einkaufserlebnis.<br \/>\nEgal ob Du H\u00e4ndler, Hotelier oder Publisher bist, wir haben ein passendes Paket f\u00fcr dich.[\/vc_column_text][\/vc_column][\/vc_row][vc_row type=&#8220;full_width_background&#8220; full_screen_row_position=&#8220;middle&#8220; column_margin=&#8220;default&#8220; equal_height=&#8220;yes&#8220; content_placement=&#8220;middle&#8220; column_direction=&#8220;default&#8220; column_direction_tablet=&#8220;column_reverse&#8220; column_direction_phone=&#8220;column_reverse&#8220; bg_image=&#8220;116&#8243; bg_position=&#8220;left top&#8220; bg_repeat=&#8220;no-repeat&#8220; scene_position=&#8220;center&#8220; top_padding=&#8220;50&#8243; bottom_padding=&#8220;50&#8243; bottom_padding_tablet=&#8220;0&#8243; bottom_padding_phone=&#8220;0&#8243; text_color=&#8220;dark&#8220; text_align=&#8220;left&#8220; row_border_radius=&#8220;none&#8220; row_border_radius_applies=&#8220;bg&#8220; overlay_strength=&#8220;0.3&#8243; gradient_direction=&#8220;left_to_right&#8220; shape_divider_position=&#8220;bottom&#8220; bg_image_animation=&#8220;none&#8220; shape_type=&#8220;&#8220;][vc_column column_padding=&#8220;no-extra-padding&#8220; column_padding_tablet=&#8220;inherit&#8220; column_padding_phone=&#8220;inherit&#8220; column_padding_position=&#8220;all&#8220; bottom_margin_tablet=&#8220;0&#8243; bottom_margin_phone=&#8220;0&#8243; background_color_opacity=&#8220;1&#8243; background_hover_color_opacity=&#8220;1&#8243; column_shadow=&#8220;none&#8220; column_border_radius=&#8220;none&#8220; column_link_target=&#8220;_self&#8220; gradient_direction=&#8220;left_to_right&#8220; overlay_strength=&#8220;0.3&#8243; width=&#8220;1\/1&#8243; tablet_width_inherit=&#8220;default&#8220; tablet_text_alignment=&#8220;default&#8220; phone_text_alignment=&#8220;default&#8220; column_border_width=&#8220;none&#8220; column_border_style=&#8220;solid&#8220; bg_image_animation=&#8220;none&#8220;][pricing_table style=&#8220;flat-alternative&#8220;][pricing_column color=&#8220;Extra-Color-3&#8243; title=&#8220;Standard Lizenz&#8220; id=&#8220;1677683827310-7&#8243; price=&#8220;199 \u20ac&#8220; interval=&#8220;Monat&#8220; tab_id=&#8220;1677683827311-4&#8243;][vc_column_text]\n<div>Mehr Aktivierung und Konvertierung von Besuchern nach einfacher Integration im Self-Service<\/div>\n<div class=\"sb-list\">\n<ul>\n<li>Ohne Nutzerlimitierung<\/li>\n<li>Bis zu 500 Artikel<\/li>\n<li>Verschlagwortung und DB-Management im Self-Service<\/li>\n<li>sommelier.bot Branding<\/li>\n<li>Ohne KI und Live Chat<\/li>\n<\/ul>\n<\/div>\n<p><a class=\"nectar-button medium regular accent-color regular-button\" style=\"visibility: visible;\" href=\"\/de\/de\/de\/de\/?page_id=152\" data-color-override=\"false\" data-hover-color-override=\"false\" data-hover-text-color-override=\"#fff\">Request a demo<\/a>[\/vc_column_text][\/pricing_column][pricing_column highlight=&#8220;true&#8220; color=&#8220;Extra-Color-2&#8243; title=&#8220;Magnum&#8220; id=&#8220;1677683827363-6&#8243; price=&#8220;499 \u20ac&#8220; interval=&#8220;Monat&#8220; highlight_reason=&#8220;Full-Service und KI&#8220; tab_id=&#8220;1677683827364-8&#8243;][vc_column_text]\n<div>White-Label sommelier.bot Edition mit KI und automatischer Sortiments-Aktualisierung<\/div>\n<div class=\"sb-list\">\n<ul>\n<li>ChatGPT bis 100K Besucher \/ Monat<\/li>\n<li>Eigenes Branding<\/li>\n<li>Unlimitierte Artikelanzahl<\/li>\n<li>T\u00e4gliche Artikel-Aktualisierung (XML Feed)<\/li>\n<li>Live Chat<\/li>\n<li>3 Integrations-Varianten zur Auswahl<\/li>\n<\/ul>\n<\/div>\n<p><a class=\"nectar-button medium regular accent-color regular-button\" style=\"visibility: visible;\" href=\"\/de\/de\/de\/de\/?page_id=152\" data-color-override=\"false\" data-hover-color-override=\"false\" data-hover-text-color-override=\"#fff\">Request a demo<\/a>[\/vc_column_text][\/pricing_column][pricing_column color=&#8220;Accent-Color&#8220; title=&#8220;Jeroboam&#8220; id=&#8220;1677683827388-1&#8243; price=&#8220;Ab 699 \u20ac&#8220; interval=&#8220;Monat&#8220; tab_id=&#8220;1677683827389-8&#8243;][vc_column_text]\n<div class=\"sb-height-3\">Enterprise Edition mit technischen Anpassungen<\/div>\n<div class=\"sb-list\">\n<ul>\n<li>ChatGPT ab 100K Besucher \/ Monat<\/li>\n<li>Eigenes Branding<\/li>\n<li>Unlimitierte Artikelanzahl<\/li>\n<li>T\u00e4gliche Artikel-Aktualisierung (XML Feed)<\/li>\n<li>Live Chat<\/li>\n<li>Individuelle Integrationen<\/li>\n<li>Sonderentwicklungen (Variablen, Dialog-Design&#8230;)<\/li>\n<\/ul>\n<\/div>\n<p><a class=\"nectar-button medium regular accent-color regular-button\" style=\"visibility: visible;\" href=\"\/de\/de\/de\/de\/en\/en\/en\/en\/?page_id=152\" data-color-override=\"false\" data-hover-color-override=\"false\" data-hover-text-color-override=\"#fff\">Request a demo<\/a>[\/vc_column_text][\/pricing_column][\/pricing_table][\/vc_column][\/vc_row][vc_row type=&#8220;in_container&#8220; full_screen_row_position=&#8220;middle&#8220; column_margin=&#8220;default&#8220; column_direction=&#8220;default&#8220; column_direction_tablet=&#8220;default&#8220; column_direction_phone=&#8220;default&#8220; bg_color=&#8220;#8c0335&#8243; scene_position=&#8220;center&#8220; top_padding=&#8220;30&#8243; bottom_padding=&#8220;30&#8243; text_color=&#8220;light&#8220; text_align=&#8220;left&#8220; row_border_radius=&#8220;none&#8220; row_border_radius_applies=&#8220;bg&#8220; overlay_strength=&#8220;0.3&#8243; gradient_direction=&#8220;left_to_right&#8220; shape_divider_position=&#8220;bottom&#8220; bg_image_animation=&#8220;none&#8220; shape_type=&#8220;&#8220;][vc_column column_padding=&#8220;no-extra-padding&#8220; column_padding_tablet=&#8220;inherit&#8220; column_padding_phone=&#8220;inherit&#8220; column_padding_position=&#8220;all&#8220; centered_text=&#8220;true&#8220; background_color_opacity=&#8220;1&#8243; background_hover_color_opacity=&#8220;1&#8243; column_shadow=&#8220;none&#8220; column_border_radius=&#8220;none&#8220; column_link_target=&#8220;_self&#8220; gradient_direction=&#8220;left_to_right&#8220; overlay_strength=&#8220;0.3&#8243; width=&#8220;1\/1&#8243; tablet_width_inherit=&#8220;default&#8220; tablet_text_alignment=&#8220;default&#8220; phone_text_alignment=&#8220;default&#8220; column_border_width=&#8220;none&#8220; column_border_style=&#8220;solid&#8220; bg_image_animation=&#8220;none&#8220;][vc_column_text]<span style=\"font-size: 14pt;\">*Optional: Wir pflegen dein Sortiment ein und kennzeichnen jeden Wein f\u00fcr 1 \u20ac pro Artikel, sofern die Produktdaten in elektronischer Form vorliegen, z.B f\u00fcr Google Shopping oder Affiliate Marketing (in Magnum Lizenz enthalten).<\/span>[\/vc_column_text][\/vc_column][\/vc_row][vc_row type=&#8220;in_container&#8220; full_screen_row_position=&#8220;middle&#8220; column_margin=&#8220;default&#8220; column_direction=&#8220;default&#8220; column_direction_tablet=&#8220;default&#8220; column_direction_phone=&#8220;default&#8220; scene_position=&#8220;center&#8220; text_color=&#8220;dark&#8220; text_align=&#8220;left&#8220; row_border_radius=&#8220;none&#8220; row_border_radius_applies=&#8220;bg&#8220; overlay_strength=&#8220;0.3&#8243; gradient_direction=&#8220;left_to_right&#8220; shape_divider_position=&#8220;bottom&#8220; bg_image_animation=&#8220;none&#8220;][vc_column column_padding=&#8220;no-extra-padding&#8220; column_padding_tablet=&#8220;inherit&#8220; column_padding_phone=&#8220;inherit&#8220; column_padding_position=&#8220;all&#8220; background_color_opacity=&#8220;1&#8243; background_hover_color_opacity=&#8220;1&#8243; column_shadow=&#8220;none&#8220; column_border_radius=&#8220;none&#8220; column_link_target=&#8220;_self&#8220; gradient_direction=&#8220;left_to_right&#8220; overlay_strength=&#8220;0.3&#8243; width=&#8220;1\/1&#8243; tablet_width_inherit=&#8220;default&#8220; tablet_text_alignment=&#8220;default&#8220; phone_text_alignment=&#8220;default&#8220; column_border_width=&#8220;none&#8220; column_border_style=&#8220;solid&#8220; bg_image_animation=&#8220;none&#8220;][divider line_type=&#8220;No Line&#8220; custom_height=&#8220;25&#8243;][\/vc_column][\/vc_row]\n","protected":false},"excerpt":{"rendered":"<p>[vc_row type=&#8220;full_width_background&#8220; full_screen_row_position=&#8220;middle&#8220; column_margin=&#8220;default&#8220; equal_height=&#8220;yes&#8220; content_placement=&#8220;middle&#8220; column_direction=&#8220;default&#8220; column_direction_tablet=&#8220;column_reverse&#8220; column_direction_phone=&#8220;column_reverse&#8220; scene_position=&#8220;center&#8220; top_padding=&#8220;50&#8243; constrain_group_1=&#8220;yes&#8220; bottom_padding=&#8220;50&#8243; bottom_padding_tablet=&#8220;0&#8243; bottom_padding_phone=&#8220;0&#8243; text_color=&#8220;dark&#8220; text_align=&#8220;left&#8220; row_border_radius=&#8220;none&#8220; row_border_radius_applies=&#8220;bg&#8220; overlay_strength=&#8220;0.3&#8243; gradient_direction=&#8220;left_to_right&#8220; shape_divider_position=&#8220;bottom&#8220; bg_image_animation=&#8220;none&#8220; shape_type=&#8220;&#8220;][vc_column column_padding=&#8220;no-extra-padding&#8220; column_padding_tablet=&#8220;inherit&#8220; column_padding_phone=&#8220;inherit&#8220; column_padding_position=&#8220;all&#8220; bottom_margin_tablet=&#8220;0&#8243; bottom_margin_phone=&#8220;0&#8243;&#8230;<\/p>\n","protected":false},"author":1,"featured_media":0,"parent":0,"menu_order":0,"comment_status":"closed","ping_status":"closed","template":"","meta":{"inline_featured_image":false,"footnotes":""},"yoast_head":"<!-- This site is optimized with the Yoast SEO plugin v24.5 - https:\/\/yoast.com\/wordpress\/plugins\/seo\/ -->\n<title>Pricing - Sommelier.bot<\/title>\n<meta name=\"description\" content=\"Der Sommelier Bot bietet Deinen Besuchern und Kunden pers\u00f6nliche Beratung und ein ganz neues Einkaufserlebnis.Egal ob Du ein H\u00e4ndler oder Publisher bist, wir haben ein passendes Paket f\u00fcr Dich.\" \/>\n<meta name=\"robots\" content=\"index, follow, max-snippet:-1, max-image-preview:large, max-video-preview:-1\" \/>\n<link rel=\"canonical\" href=\"https:\/\/sommelier.bot\/de\/pricing\/\" \/>\n<meta property=\"og:locale\" content=\"de_DE\" \/>\n<meta property=\"og:type\" content=\"article\" \/>\n<meta property=\"og:title\" content=\"Pricing - Sommelier.bot\" \/>\n<meta property=\"og:description\" content=\"Der Sommelier Bot bietet Deinen Besuchern und Kunden pers\u00f6nliche Beratung und ein ganz neues Einkaufserlebnis.Egal ob Du ein H\u00e4ndler oder Publisher bist, wir haben ein passendes Paket f\u00fcr Dich.\" \/>\n<meta property=\"og:url\" content=\"https:\/\/sommelier.bot\/de\/pricing\/\" \/>\n<meta property=\"og:site_name\" content=\"Sommelier.bot\" \/>\n<meta property=\"article:modified_time\" content=\"2023-03-01T16:02:25+00:00\" \/>\n<meta name=\"twitter:card\" content=\"summary_large_image\" \/>\n<meta name=\"twitter:label1\" content=\"Gesch\u00e4tzte Lesezeit\" \/>\n\t<meta name=\"twitter:data1\" content=\"2\u00a0Minuten\" \/>\n<script type=\"application\/ld+json\" class=\"yoast-schema-graph\">{\"@context\":\"https:\/\/schema.org\",\"@graph\":[{\"@type\":\"WebPage\",\"@id\":\"https:\/\/sommelier.bot\/de\/pricing\/\",\"url\":\"https:\/\/sommelier.bot\/de\/pricing\/\",\"name\":\"Pricing - Sommelier.bot\",\"isPartOf\":{\"@id\":\"https:\/\/sommelier.bot\/#website\"},\"datePublished\":\"2021-03-18T14:07:49+00:00\",\"dateModified\":\"2023-03-01T16:02:25+00:00\",\"description\":\"Der Sommelier Bot bietet Deinen Besuchern und Kunden pers\u00f6nliche Beratung und ein ganz neues Einkaufserlebnis.Egal ob Du ein H\u00e4ndler oder Publisher bist, wir haben ein passendes Paket f\u00fcr Dich.\",\"breadcrumb\":{\"@id\":\"https:\/\/sommelier.bot\/de\/pricing\/#breadcrumb\"},\"inLanguage\":\"de\",\"potentialAction\":[{\"@type\":\"ReadAction\",\"target\":[\"https:\/\/sommelier.bot\/de\/pricing\/\"]}]},{\"@type\":\"BreadcrumbList\",\"@id\":\"https:\/\/sommelier.bot\/de\/pricing\/#breadcrumb\",\"itemListElement\":[{\"@type\":\"ListItem\",\"position\":1,\"name\":\"Accueil\",\"item\":\"https:\/\/sommelier.bot\/de\/\"},{\"@type\":\"ListItem\",\"position\":2,\"name\":\"Pricing\"}]},{\"@type\":\"WebSite\",\"@id\":\"https:\/\/sommelier.bot\/#website\",\"url\":\"https:\/\/sommelier.bot\/\",\"name\":\"Sommelier.bot\",\"description\":\"Your customers&#039; Personal Sommelier\",\"potentialAction\":[{\"@type\":\"SearchAction\",\"target\":{\"@type\":\"EntryPoint\",\"urlTemplate\":\"https:\/\/sommelier.bot\/?s={search_term_string}\"},\"query-input\":{\"@type\":\"PropertyValueSpecification\",\"valueRequired\":true,\"valueName\":\"search_term_string\"}}],\"inLanguage\":\"de\"}]}<\/script>\n<!-- \/ Yoast SEO plugin. -->","yoast_head_json":{"title":"Pricing - Sommelier.bot","description":"Der Sommelier Bot bietet Deinen Besuchern und Kunden pers\u00f6nliche Beratung und ein ganz neues Einkaufserlebnis.Egal ob Du ein H\u00e4ndler oder Publisher bist, wir haben ein passendes Paket f\u00fcr Dich.","robots":{"index":"index","follow":"follow","max-snippet":"max-snippet:-1","max-image-preview":"max-image-preview:large","max-video-preview":"max-video-preview:-1"},"canonical":"https:\/\/sommelier.bot\/de\/pricing\/","og_locale":"de_DE","og_type":"article","og_title":"Pricing - Sommelier.bot","og_description":"Der Sommelier Bot bietet Deinen Besuchern und Kunden pers\u00f6nliche Beratung und ein ganz neues Einkaufserlebnis.Egal ob Du ein H\u00e4ndler oder Publisher bist, wir haben ein passendes Paket f\u00fcr Dich.","og_url":"https:\/\/sommelier.bot\/de\/pricing\/","og_site_name":"Sommelier.bot","article_modified_time":"2023-03-01T16:02:25+00:00","twitter_card":"summary_large_image","twitter_misc":{"Gesch\u00e4tzte Lesezeit":"2\u00a0Minuten"},"schema":{"@context":"https:\/\/schema.org","@graph":[{"@type":"WebPage","@id":"https:\/\/sommelier.bot\/de\/pricing\/","url":"https:\/\/sommelier.bot\/de\/pricing\/","name":"Pricing - Sommelier.bot","isPartOf":{"@id":"https:\/\/sommelier.bot\/#website"},"datePublished":"2021-03-18T14:07:49+00:00","dateModified":"2023-03-01T16:02:25+00:00","description":"Der Sommelier Bot bietet Deinen Besuchern und Kunden pers\u00f6nliche Beratung und ein ganz neues Einkaufserlebnis.Egal ob Du ein H\u00e4ndler oder Publisher bist, wir haben ein passendes Paket f\u00fcr Dich.","breadcrumb":{"@id":"https:\/\/sommelier.bot\/de\/pricing\/#breadcrumb"},"inLanguage":"de","potentialAction":[{"@type":"ReadAction","target":["https:\/\/sommelier.bot\/de\/pricing\/"]}]},{"@type":"BreadcrumbList","@id":"https:\/\/sommelier.bot\/de\/pricing\/#breadcrumb","itemListElement":[{"@type":"ListItem","position":1,"name":"Accueil","item":"https:\/\/sommelier.bot\/de\/"},{"@type":"ListItem","position":2,"name":"Pricing"}]},{"@type":"WebSite","@id":"https:\/\/sommelier.bot\/#website","url":"https:\/\/sommelier.bot\/","name":"Sommelier.bot","description":"Your customers&#039; Personal Sommelier","potentialAction":[{"@type":"SearchAction","target":{"@type":"EntryPoint","urlTemplate":"https:\/\/sommelier.bot\/?s={search_term_string}"},"query-input":{"@type":"PropertyValueSpecification","valueRequired":true,"valueName":"search_term_string"}}],"inLanguage":"de"}]}},"_links":{"self":[{"href":"https:\/\/sommelier.bot\/de\/wp-json\/wp\/v2\/pages\/361"}],"collection":[{"href":"https:\/\/sommelier.bot\/de\/wp-json\/wp\/v2\/pages"}],"about":[{"href":"https:\/\/sommelier.bot\/de\/wp-json\/wp\/v2\/types\/page"}],"author":[{"embeddable":true,"href":"https:\/\/sommelier.bot\/de\/wp-json\/wp\/v2\/users\/1"}],"replies":[{"embeddable":true,"href":"https:\/\/sommelier.bot\/de\/wp-json\/wp\/v2\/comments?post=361"}],"version-history":[{"count":17,"href":"https:\/\/sommelier.bot\/de\/wp-json\/wp\/v2\/pages\/361\/revisions"}],"predecessor-version":[{"id":2386,"href":"https:\/\/sommelier.bot\/de\/wp-json\/wp\/v2\/pages\/361\/revisions\/2386"}],"wp:attachment":[{"href":"https:\/\/sommelier.bot\/de\/wp-json\/wp\/v2\/media?parent=361"}],"curies":[{"name":"wp","href":"https:\/\/api.w.org\/{rel}","templated":true}]}}