{"id":738,"date":"2021-06-03T22:23:15","date_gmt":"2021-06-03T20:23:15","guid":{"rendered":"https:\/\/wp.sommelier.bot\/?page_id=738"},"modified":"2023-01-13T09:39:40","modified_gmt":"2023-01-13T08:39:40","slug":"subscription","status":"publish","type":"page","link":"https:\/\/sommelier.bot\/de\/subscription\/","title":{"rendered":"Subscriptions"},"content":{"rendered":"[vc_row type=&#8220;full_width_background&#8220; full_screen_row_position=&#8220;middle&#8220; column_margin=&#8220;default&#8220; equal_height=&#8220;yes&#8220; content_placement=&#8220;middle&#8220; column_direction=&#8220;default&#8220; column_direction_tablet=&#8220;column_reverse&#8220; column_direction_phone=&#8220;column_reverse&#8220; scene_position=&#8220;center&#8220; top_padding=&#8220;50&#8243; constrain_group_1=&#8220;yes&#8220; bottom_padding=&#8220;50&#8243; bottom_padding_tablet=&#8220;0&#8243; bottom_padding_phone=&#8220;0&#8243; text_color=&#8220;dark&#8220; text_align=&#8220;left&#8220; row_border_radius=&#8220;none&#8220; row_border_radius_applies=&#8220;bg&#8220; overlay_strength=&#8220;0.3&#8243; gradient_direction=&#8220;left_to_right&#8220; shape_divider_position=&#8220;bottom&#8220; bg_image_animation=&#8220;none&#8220; shape_type=&#8220;&#8220;][vc_column column_padding=&#8220;no-extra-padding&#8220; column_padding_tablet=&#8220;inherit&#8220; column_padding_phone=&#8220;inherit&#8220; column_padding_position=&#8220;all&#8220; bottom_margin_tablet=&#8220;0&#8243; bottom_margin_phone=&#8220;0&#8243; background_color_opacity=&#8220;1&#8243; background_hover_color_opacity=&#8220;1&#8243; column_shadow=&#8220;none&#8220; column_border_radius=&#8220;none&#8220; column_link_target=&#8220;_self&#8220; gradient_direction=&#8220;left_to_right&#8220; overlay_strength=&#8220;0.3&#8243; width=&#8220;1\/2&#8243; tablet_width_inherit=&#8220;default&#8220; tablet_text_alignment=&#8220;default&#8220; phone_text_alignment=&#8220;default&#8220; column_border_width=&#8220;none&#8220; column_border_style=&#8220;solid&#8220; bg_image_animation=&#8220;none&#8220;][image_with_animation image_url=&#8220;114&#8243; animation=&#8220;None&#8220; hover_animation=&#8220;none&#8220; alignment=&#8220;center&#8220; border_radius=&#8220;none&#8220; box_shadow=&#8220;none&#8220; image_loading=&#8220;default&#8220; max_width=&#8220;100%&#8220; max_width_mobile=&#8220;default&#8220;][\/vc_column][vc_column column_padding=&#8220;no-extra-padding&#8220; column_padding_tablet=&#8220;inherit&#8220; column_padding_phone=&#8220;inherit&#8220; column_padding_position=&#8220;all&#8220; bottom_margin_tablet=&#8220;30&#8243; bottom_margin_phone=&#8220;30&#8243; background_color_opacity=&#8220;1&#8243; background_hover_color_opacity=&#8220;1&#8243; column_shadow=&#8220;none&#8220; column_border_radius=&#8220;none&#8220; column_link_target=&#8220;_self&#8220; gradient_direction=&#8220;left_to_right&#8220; overlay_strength=&#8220;0.3&#8243; width=&#8220;1\/2&#8243; tablet_width_inherit=&#8220;default&#8220; tablet_text_alignment=&#8220;default&#8220; phone_text_alignment=&#8220;default&#8220; column_border_width=&#8220;none&#8220; column_border_style=&#8220;solid&#8220; bg_image_animation=&#8220;none&#8220;][vc_column_text el_class=&#8220;sb-title&#8220;]<span style=\"font-weight: 400;\">Willkommen an Bord!<\/span>[\/vc_column_text][vc_column_text el_class=&#8220;sb-subtitle&#8220;]W\u00e4hle das Abo (jederzeit k\u00fcndbar), dessen Service- und Customization-Level deinen W\u00fcnschen entspricht.[\/vc_column_text][\/vc_column][\/vc_row][vc_row type=&#8220;full_width_background&#8220; full_screen_row_position=&#8220;middle&#8220; column_margin=&#8220;default&#8220; equal_height=&#8220;yes&#8220; content_placement=&#8220;middle&#8220; column_direction=&#8220;default&#8220; column_direction_tablet=&#8220;column_reverse&#8220; column_direction_phone=&#8220;column_reverse&#8220; bg_image=&#8220;116&#8243; bg_position=&#8220;left top&#8220; bg_repeat=&#8220;no-repeat&#8220; scene_position=&#8220;center&#8220; top_padding=&#8220;50&#8243; bottom_padding=&#8220;50&#8243; bottom_padding_tablet=&#8220;0&#8243; bottom_padding_phone=&#8220;0&#8243; text_color=&#8220;dark&#8220; text_align=&#8220;left&#8220; row_border_radius=&#8220;none&#8220; row_border_radius_applies=&#8220;bg&#8220; overlay_strength=&#8220;0.3&#8243; gradient_direction=&#8220;left_to_right&#8220; shape_divider_position=&#8220;bottom&#8220; bg_image_animation=&#8220;none&#8220; shape_type=&#8220;&#8220;][vc_column column_padding=&#8220;no-extra-padding&#8220; column_padding_tablet=&#8220;inherit&#8220; column_padding_phone=&#8220;inherit&#8220; column_padding_position=&#8220;all&#8220; bottom_margin_tablet=&#8220;0&#8243; bottom_margin_phone=&#8220;0&#8243; background_color_opacity=&#8220;1&#8243; background_hover_color_opacity=&#8220;1&#8243; column_shadow=&#8220;none&#8220; column_border_radius=&#8220;none&#8220; column_link_target=&#8220;_self&#8220; gradient_direction=&#8220;left_to_right&#8220; overlay_strength=&#8220;0.3&#8243; width=&#8220;1\/1&#8243; tablet_width_inherit=&#8220;default&#8220; tablet_text_alignment=&#8220;default&#8220; phone_text_alignment=&#8220;default&#8220; column_border_width=&#8220;none&#8220; column_border_style=&#8220;solid&#8220; bg_image_animation=&#8220;none&#8220;][vc_row_inner column_margin=&#8220;default&#8220; column_direction=&#8220;default&#8220; column_direction_tablet=&#8220;default&#8220; column_direction_phone=&#8220;default&#8220; text_align=&#8220;left&#8220;][vc_column_inner column_padding=&#8220;padding-2-percent&#8220; column_padding_tablet=&#8220;inherit&#8220; column_padding_phone=&#8220;inherit&#8220; column_padding_position=&#8220;all&#8220; centered_text=&#8220;true&#8220; background_color_opacity=&#8220;1&#8243; background_hover_color_opacity=&#8220;1&#8243; column_shadow=&#8220;none&#8220; column_border_radius=&#8220;none&#8220; column_link_target=&#8220;_self&#8220; boxed=&#8220;true&#8220; gradient_direction=&#8220;left_to_right&#8220; overlay_strength=&#8220;0.3&#8243; width=&#8220;1\/2&#8243; tablet_width_inherit=&#8220;default&#8220; column_border_width=&#8220;none&#8220; column_border_style=&#8220;solid&#8220; bg_image_animation=&#8220;none&#8220;][vc_column_text]\n<h2>MAGNUM<\/h2>\n[\/vc_column_text][vc_column_text]\n<h3><del>199\u20ac\/Monat<\/del><\/h3>\n<h3>99\u20ac\/Monat*<\/h3>\n[\/vc_column_text][vc_column_text el_class=&#8220;sb-list&#8220;]\n<div>Basis-Lizenz (*exkl. MwSt.) mit Wein-Tagging und Sortiments-Aktualisierung durch Kunden:<\/div>\n<div class=\"sb-list\">\n<ul>\n<li style=\"text-align: left;\">Kostenlose Partner Widgets<\/li>\n<li style=\"text-align: left;\">Keine Sortimentsbegrenzung<\/li>\n<li style=\"text-align: left;\">Keine Nutzerbegrenzung<\/li>\n<li style=\"text-align: left;\">Wein-Tagging und Datenbank-Management im Self-Service<\/li>\n<li style=\"text-align: left;\">sommelier.bot Branding<\/li>\n<\/ul>\n<\/div>\n[\/vc_column_text][nectar_btn size=&#8220;large&#8220; button_style=&#8220;regular&#8220; button_color_2=&#8220;Accent-Color&#8220; icon_family=&#8220;none&#8220; text=&#8220;Jetzt kostenpflichtig bestellen&#8220; url=&#8220;https:\/\/buy.stripe.com\/fZe6rg8aQ3Ib1qwbII&#8220;][\/vc_column_inner][vc_column_inner column_padding=&#8220;padding-2-percent&#8220; column_padding_tablet=&#8220;inherit&#8220; column_padding_phone=&#8220;inherit&#8220; column_padding_position=&#8220;all&#8220; centered_text=&#8220;true&#8220; background_color_opacity=&#8220;1&#8243; background_hover_color_opacity=&#8220;1&#8243; column_shadow=&#8220;none&#8220; column_border_radius=&#8220;none&#8220; column_link_target=&#8220;_self&#8220; boxed=&#8220;true&#8220; gradient_direction=&#8220;left_to_right&#8220; overlay_strength=&#8220;0.3&#8243; width=&#8220;1\/2&#8243; tablet_width_inherit=&#8220;default&#8220; column_border_width=&#8220;none&#8220; column_border_style=&#8220;solid&#8220; bg_image_animation=&#8220;none&#8220;][vc_column_text]\n<h2>JEROBOAM<\/h2>\n[\/vc_column_text][vc_column_text]\n<h3>499\u20ac\/Monat*<\/h3>\n<p>&nbsp;<\/p>\n<h3><\/h3>\n[\/vc_column_text][vc_column_text el_class=&#8220;sb-list&#8220;]\n<div>Full-Service-Lizenz (exkl. MwSt.) mit Setup, Wein-Tagging und Sortiments-Aktualisierung:<\/div>\n<div class=\"sb-list\">\n<ul>\n<li style=\"text-align: left;\">Alle Magnum-Lizenz-Leistungen<\/li>\n<li style=\"text-align: left;\">Wein-Tagging und Datenbank-Management inklusive<\/li>\n<li style=\"text-align: left;\">Kundenspezifische Anpassungen<\/li>\n<li style=\"text-align: left;\">Zus\u00e4tzliche Sprachversionen<\/li>\n<li style=\"text-align: left;\">Eigenes Branding<\/li>\n<\/ul>\n<\/div>\n[\/vc_column_text][nectar_btn size=&#8220;large&#8220; button_style=&#8220;regular&#8220; button_color_2=&#8220;Accent-Color&#8220; icon_family=&#8220;none&#8220; text=&#8220;Jetzt kostenpflichtig bestellen&#8220; url=&#8220;https:\/\/buy.stripe.com\/28o8zogHm0vZ9X2eUX&#8220;][\/vc_column_inner][\/vc_row_inner][\/vc_column][\/vc_row][vc_row type=&#8220;in_container&#8220; full_screen_row_position=&#8220;middle&#8220; column_margin=&#8220;default&#8220; column_direction=&#8220;default&#8220; column_direction_tablet=&#8220;default&#8220; column_direction_phone=&#8220;default&#8220; scene_position=&#8220;center&#8220; text_color=&#8220;dark&#8220; text_align=&#8220;left&#8220; row_border_radius=&#8220;none&#8220; row_border_radius_applies=&#8220;bg&#8220; overlay_strength=&#8220;0.3&#8243; gradient_direction=&#8220;left_to_right&#8220; shape_divider_position=&#8220;bottom&#8220; bg_image_animation=&#8220;none&#8220;][vc_column column_padding=&#8220;no-extra-padding&#8220; column_padding_tablet=&#8220;inherit&#8220; column_padding_phone=&#8220;inherit&#8220; column_padding_position=&#8220;all&#8220; background_color_opacity=&#8220;1&#8243; background_hover_color_opacity=&#8220;1&#8243; column_shadow=&#8220;none&#8220; column_border_radius=&#8220;none&#8220; column_link_target=&#8220;_self&#8220; gradient_direction=&#8220;left_to_right&#8220; overlay_strength=&#8220;0.3&#8243; width=&#8220;1\/1&#8243; tablet_width_inherit=&#8220;default&#8220; tablet_text_alignment=&#8220;default&#8220; phone_text_alignment=&#8220;default&#8220; column_border_width=&#8220;none&#8220; column_border_style=&#8220;solid&#8220; bg_image_animation=&#8220;none&#8220;][divider line_type=&#8220;No Line&#8220; custom_height=&#8220;25&#8243;][\/vc_column][\/vc_row]\n","protected":false},"excerpt":{"rendered":"<p>[vc_row type=&#8220;full_width_background&#8220; full_screen_row_position=&#8220;middle&#8220; column_margin=&#8220;default&#8220; equal_height=&#8220;yes&#8220; content_placement=&#8220;middle&#8220; column_direction=&#8220;default&#8220; column_direction_tablet=&#8220;column_reverse&#8220; column_direction_phone=&#8220;column_reverse&#8220; scene_position=&#8220;center&#8220; top_padding=&#8220;50&#8243; constrain_group_1=&#8220;yes&#8220; bottom_padding=&#8220;50&#8243; bottom_padding_tablet=&#8220;0&#8243; bottom_padding_phone=&#8220;0&#8243; text_color=&#8220;dark&#8220; text_align=&#8220;left&#8220; row_border_radius=&#8220;none&#8220; row_border_radius_applies=&#8220;bg&#8220; overlay_strength=&#8220;0.3&#8243; gradient_direction=&#8220;left_to_right&#8220; shape_divider_position=&#8220;bottom&#8220; bg_image_animation=&#8220;none&#8220; shape_type=&#8220;&#8220;][vc_column column_padding=&#8220;no-extra-padding&#8220; column_padding_tablet=&#8220;inherit&#8220; column_padding_phone=&#8220;inherit&#8220; column_padding_position=&#8220;all&#8220; bottom_margin_tablet=&#8220;0&#8243; bottom_margin_phone=&#8220;0&#8243;&#8230;<\/p>\n","protected":false},"author":2,"featured_media":0,"parent":0,"menu_order":0,"comment_status":"closed","ping_status":"closed","template":"","meta":{"inline_featured_image":false,"footnotes":""},"yoast_head":"<!-- This site is optimized with the Yoast SEO plugin v24.5 - https:\/\/yoast.com\/wordpress\/plugins\/seo\/ -->\n<title>Subscriptions - Sommelier.bot<\/title>\n<meta name=\"description\" content=\"The digital sommelier chatbot is an affordable solution for wine merchants who&#039;d like to increase their sales and provide better, automated wine recommendations online or on-premier\" \/>\n<meta name=\"robots\" content=\"index, follow, max-snippet:-1, max-image-preview:large, max-video-preview:-1\" \/>\n<link rel=\"canonical\" href=\"https:\/\/sommelier.bot\/subscription\/\" \/>\n<meta property=\"og:locale\" content=\"de_DE\" \/>\n<meta property=\"og:type\" content=\"article\" \/>\n<meta property=\"og:title\" content=\"Subscriptions - Sommelier.bot\" \/>\n<meta property=\"og:description\" content=\"The digital sommelier chatbot is an affordable solution for wine merchants who&#039;d like to increase their sales and provide better, automated wine recommendations online or on-premier\" \/>\n<meta property=\"og:url\" content=\"https:\/\/sommelier.bot\/subscription\/\" \/>\n<meta property=\"og:site_name\" content=\"Sommelier.bot\" \/>\n<meta property=\"article:modified_time\" content=\"2023-01-13T08:39:40+00:00\" \/>\n<meta name=\"twitter:card\" content=\"summary_large_image\" \/>\n<meta name=\"twitter:label1\" content=\"Gesch\u00e4tzte Lesezeit\" \/>\n\t<meta name=\"twitter:data1\" content=\"2\u00a0Minuten\" \/>\n<script type=\"application\/ld+json\" class=\"yoast-schema-graph\">{\"@context\":\"https:\/\/schema.org\",\"@graph\":[{\"@type\":\"WebPage\",\"@id\":\"https:\/\/sommelier.bot\/subscription\/\",\"url\":\"https:\/\/sommelier.bot\/subscription\/\",\"name\":\"Subscriptions - Sommelier.bot\",\"isPartOf\":{\"@id\":\"https:\/\/sommelier.bot\/#website\"},\"datePublished\":\"2021-06-03T20:23:15+00:00\",\"dateModified\":\"2023-01-13T08:39:40+00:00\",\"description\":\"The digital sommelier chatbot is an affordable solution for wine merchants who'd like to increase their sales and provide better, automated wine recommendations online or on-premier\",\"breadcrumb\":{\"@id\":\"https:\/\/sommelier.bot\/subscription\/#breadcrumb\"},\"inLanguage\":\"de\",\"potentialAction\":[{\"@type\":\"ReadAction\",\"target\":[\"https:\/\/sommelier.bot\/subscription\/\"]}]},{\"@type\":\"BreadcrumbList\",\"@id\":\"https:\/\/sommelier.bot\/subscription\/#breadcrumb\",\"itemListElement\":[{\"@type\":\"ListItem\",\"position\":1,\"name\":\"Accueil\",\"item\":\"https:\/\/sommelier.bot\/de\/\"},{\"@type\":\"ListItem\",\"position\":2,\"name\":\"Subscriptions\"}]},{\"@type\":\"WebSite\",\"@id\":\"https:\/\/sommelier.bot\/#website\",\"url\":\"https:\/\/sommelier.bot\/\",\"name\":\"Sommelier.bot\",\"description\":\"Your customers&#039; Personal Sommelier\",\"potentialAction\":[{\"@type\":\"SearchAction\",\"target\":{\"@type\":\"EntryPoint\",\"urlTemplate\":\"https:\/\/sommelier.bot\/?s={search_term_string}\"},\"query-input\":{\"@type\":\"PropertyValueSpecification\",\"valueRequired\":true,\"valueName\":\"search_term_string\"}}],\"inLanguage\":\"de\"}]}<\/script>\n<!-- \/ Yoast SEO plugin. -->","yoast_head_json":{"title":"Subscriptions - Sommelier.bot","description":"The digital sommelier chatbot is an affordable solution for wine merchants who'd like to increase their sales and provide better, automated wine recommendations online or on-premier","robots":{"index":"index","follow":"follow","max-snippet":"max-snippet:-1","max-image-preview":"max-image-preview:large","max-video-preview":"max-video-preview:-1"},"canonical":"https:\/\/sommelier.bot\/subscription\/","og_locale":"de_DE","og_type":"article","og_title":"Subscriptions - Sommelier.bot","og_description":"The digital sommelier chatbot is an affordable solution for wine merchants who'd like to increase their sales and provide better, automated wine recommendations online or on-premier","og_url":"https:\/\/sommelier.bot\/subscription\/","og_site_name":"Sommelier.bot","article_modified_time":"2023-01-13T08:39:40+00:00","twitter_card":"summary_large_image","twitter_misc":{"Gesch\u00e4tzte Lesezeit":"2\u00a0Minuten"},"schema":{"@context":"https:\/\/schema.org","@graph":[{"@type":"WebPage","@id":"https:\/\/sommelier.bot\/subscription\/","url":"https:\/\/sommelier.bot\/subscription\/","name":"Subscriptions - Sommelier.bot","isPartOf":{"@id":"https:\/\/sommelier.bot\/#website"},"datePublished":"2021-06-03T20:23:15+00:00","dateModified":"2023-01-13T08:39:40+00:00","description":"The digital sommelier chatbot is an affordable solution for wine merchants who'd like to increase their sales and provide better, automated wine recommendations online or on-premier","breadcrumb":{"@id":"https:\/\/sommelier.bot\/subscription\/#breadcrumb"},"inLanguage":"de","potentialAction":[{"@type":"ReadAction","target":["https:\/\/sommelier.bot\/subscription\/"]}]},{"@type":"BreadcrumbList","@id":"https:\/\/sommelier.bot\/subscription\/#breadcrumb","itemListElement":[{"@type":"ListItem","position":1,"name":"Accueil","item":"https:\/\/sommelier.bot\/de\/"},{"@type":"ListItem","position":2,"name":"Subscriptions"}]},{"@type":"WebSite","@id":"https:\/\/sommelier.bot\/#website","url":"https:\/\/sommelier.bot\/","name":"Sommelier.bot","description":"Your customers&#039; Personal Sommelier","potentialAction":[{"@type":"SearchAction","target":{"@type":"EntryPoint","urlTemplate":"https:\/\/sommelier.bot\/?s={search_term_string}"},"query-input":{"@type":"PropertyValueSpecification","valueRequired":true,"valueName":"search_term_string"}}],"inLanguage":"de"}]}},"_links":{"self":[{"href":"https:\/\/sommelier.bot\/de\/wp-json\/wp\/v2\/pages\/738"}],"collection":[{"href":"https:\/\/sommelier.bot\/de\/wp-json\/wp\/v2\/pages"}],"about":[{"href":"https:\/\/sommelier.bot\/de\/wp-json\/wp\/v2\/types\/page"}],"author":[{"embeddable":true,"href":"https:\/\/sommelier.bot\/de\/wp-json\/wp\/v2\/users\/2"}],"replies":[{"embeddable":true,"href":"https:\/\/sommelier.bot\/de\/wp-json\/wp\/v2\/comments?post=738"}],"version-history":[{"count":8,"href":"https:\/\/sommelier.bot\/de\/wp-json\/wp\/v2\/pages\/738\/revisions"}],"predecessor-version":[{"id":1896,"href":"https:\/\/sommelier.bot\/de\/wp-json\/wp\/v2\/pages\/738\/revisions\/1896"}],"wp:attachment":[{"href":"https:\/\/sommelier.bot\/de\/wp-json\/wp\/v2\/media?parent=738"}],"curies":[{"name":"wp","href":"https:\/\/api.w.org\/{rel}","templated":true}]}}